{"id":68,"date":"2015-10-11T13:33:05","date_gmt":"2015-10-11T13:33:05","guid":{"rendered":"https:\/\/bgruppe2.araxsystems.de\/?page_id=68"},"modified":"2019-01-10T21:52:22","modified_gmt":"2019-01-10T19:52:22","slug":"contact","status":"publish","type":"page","link":"https:\/\/bgruppe2.araxsystems.de\/en\/contact\/","title":{"rendered":"Contact"},"content":{"rendered":"<section class='page-content' style=''  ><section class='container-fluid' style='padding-left: 0; padding-right: 0;'><div class='row' style=''><div class='col-md-12 ' style='' ><div class=\"cma-wp-widget widget widget_text cma_widget_text\" id=\"cma-widget-WP_Widget_Text-1\">\t\t\t<div class=\"textwidget\"><iframe src=\"https:\/\/www.google.com\/maps\/embed?pb=!1m18!1m12!1m3!1d40942.65325729996!2d8.62638450793639!3d50.10658243383652!2m3!1f0!2f0!3f0!3m2!1i1024!2i768!4f13.1!3m3!1m2!1s0x0000000000000000%3A0xe18cf5c61ce1a3de!2sBaumann+Grafisches+Centrum+GmbH+%26+Co.+KG!5e0!3m2!1sde!2sde!4v1448364220402\" width=\"100%\" frameborder=\"0\" style=\"border:0\" allowfullscreen><\/iframe><\/div>\n\t\t<\/div><\/div><\/div><\/section><\/section><section class='page-content' style='margin-top: -130px;'  ><section class='container-fluid' style='padding-left: 0; padding-right: 0;'><div class='row' style=''><div class='col-md-12 bluebar_contact' style='' ><div class=\"cma-wp-widget widget widget_text cma_widget_text\" id=\"cma-widget-WP_Widget_Text-2\">\t\t\t<div class=\"textwidget\"><div id=\"login_header\" class=\"login_header_kontakt bg_contact_page\">\n<h1>Contact <\/h1>\n<div class=\"clear\"><\/div>\n<\/div><\/div>\n\t\t<\/div><\/div><\/div><\/section><\/section><section class='page-content' style=''  ><section class='container'><div class='row service_beratung_layout_row' style=''><div class='col-md-12 ' style='margin-top:-100px;padding-left:-15px;padding-right:-15px;' ><div class=\"cma-wp-widget widget widget_black-studio-tinymce cma_widget_black_studio_tinymce\" id=\"cma-widget-WP_Widget_Black_Studio_TinyMCE-3\"><div class=\"textwidget\"><table class=\"bg_classic bg_table_service_beratung bg_contact\">\n<tr>\n<td style=\"width: 54px;\"><img loading=\"lazy\" decoding=\"async\" src=\"https:\/\/bgruppe2.araxsystems.de\/wp-content\/uploads\/2015\/10\/Icon_Reparatur_72dpi1.jpg\" width=\"38\" height=\"38\" class=\"bg_img_left\" \/><\/td>\n<td> <span class=\"bg_h1_left\"><span id=\"baumann_grafisches_centrum\">HOW CAN WE HELP YOU?<\/span><\/span><\/p>\n<div class=\"bg_kontakt_left\">\n<p>Do you have questions? Do you need support? Or are you not finding what you are looking for? Please call us at <strong>+49 (0)69 \/ 97 77 5-222<\/strong> or send an e-mail to <strong>&#x73;&#101;r&#x76;&#105;c&#x65;&#64;b&#x61;&#117;m&#x61;&#110;n&#x2d;&#x73;e&#x72;&#x76;&#105;&#x63;&#x65;&#46;&#x63;&#x6f;&#109;<\/strong> \u2013 we are more than happy to help! <\/p>\n<p><strong>Heinrich Baumann Service Centrum<\/strong><br \/>\nOberbieler Stra\u00dfe 1-3<br \/>\nD-35606 Solms, Germany<\/p>\n<p>Phone: +49 (0)69 \/ 97 77 5-222<br \/>\nFax: +49 (0)69 \/ 97 77 5-339<\/p>\n<\/p><\/div>\n<p>\t\t\t<div class=\"bg_kontakt_right\">\n\n                <form action=\"#\" method=\"post\" class=\"bg_kontakt_form\">\n                    <input type=\"text\" name=\"bg_kontakt_name\" value=\"\" placeholder=\"Name\" \/>\n                    <input type=\"text\" name=\"bg_kontakt_telefon\" value=\"\" placeholder=\"Phone\" \/><br>\n                    <input type=\"text\" name=\"bg_kontakt_email\" value=\"\" placeholder=\"E-mail\" \/><br>\n                    <textarea name=\"bg_kontakt_message\" placeholder=\"Your message to us...\"><\/textarea><br>\n                    <input type=\"submit\" name=\"bg_kontaktform_submit\" value=\"Send\" class=\"btn btn-big\">\n                    <div class=\"bg_kontakt_footer_link\"><a href=\"datenschutzerklaerung\/\">Privacy Policy<\/a><\/div>\n                <\/form><\/div><\/p>\n<\/td>\n<\/tr>\n<\/tr>\n<\/table>\n<p><br class=\"br\"\/><br class=\"br\"\/><\/p>\n<\/div><\/div><\/div><\/div><\/section><\/section>\n","protected":false},"excerpt":{"rendered":"","protected":false},"author":3,"featured_media":0,"parent":0,"menu_order":20,"comment_status":"closed","ping_status":"closed","template":"","meta":{"footnotes":""},"yoast_head":"<!-- This site is optimized with the Yoast SEO plugin v21.9.1 - https:\/\/yoast.com\/wordpress\/plugins\/seo\/ -->\n<title>Kontakt zum Kundenservice - Heinrich Baumann Service<\/title>\n<meta name=\"description\" content=\"Kontakt: Unser Kundenservice hilft gerne weiter. Telefon +49 69 97775-222 oder per E-Mail an: service@baumann-service.com.\" \/>\n<meta name=\"robots\" content=\"noindex, follow, max-snippet:-1, max-image-preview:large, max-video-preview:-1\" \/>\n<meta property=\"og:locale\" content=\"en_US\" \/>\n<meta property=\"og:type\" content=\"article\" \/>\n<meta property=\"og:title\" content=\"Kontakt zum Kundenservice - Heinrich Baumann Service\" \/>\n<meta property=\"og:description\" content=\"Kontakt: Unser Kundenservice hilft gerne weiter. Telefon +49 69 97775-222 oder per E-Mail an: service@baumann-service.com.\" \/>\n<meta property=\"og:url\" content=\"https:\/\/bgruppe2.araxsystems.de\/contact\/\" \/>\n<meta property=\"og:site_name\" content=\"Heinrich Baumann Service Centrum\" \/>\n<meta property=\"article:modified_time\" content=\"2019-01-10T19:52:22+00:00\" \/>\n<meta name=\"twitter:card\" content=\"summary_large_image\" \/>\n<meta name=\"twitter:label1\" content=\"Est. reading time\" \/>\n\t<meta name=\"twitter:data1\" content=\"2 minutes\" \/>\n<script type=\"application\/ld+json\" class=\"yoast-schema-graph\">{\"@context\":\"https:\/\/schema.org\",\"@graph\":[{\"@type\":\"WebPage\",\"@id\":\"https:\/\/bgruppe2.araxsystems.de\/contact\/\",\"url\":\"https:\/\/bgruppe2.araxsystems.de\/contact\/\",\"name\":\"Kontakt zum Kundenservice - Heinrich Baumann Service\",\"isPartOf\":{\"@id\":\"https:\/\/bgruppe2.araxsystems.de\/en\/#website\"},\"datePublished\":\"2015-10-11T13:33:05+00:00\",\"dateModified\":\"2019-01-10T19:52:22+00:00\",\"description\":\"Kontakt: Unser Kundenservice hilft gerne weiter. Telefon +49 69 97775-222 oder per E-Mail an: service@baumann-service.com.\",\"breadcrumb\":{\"@id\":\"https:\/\/bgruppe2.araxsystems.de\/contact\/#breadcrumb\"},\"inLanguage\":\"en-US\",\"potentialAction\":[{\"@type\":\"ReadAction\",\"target\":[\"https:\/\/bgruppe2.araxsystems.de\/contact\/\"]}]},{\"@type\":\"BreadcrumbList\",\"@id\":\"https:\/\/bgruppe2.araxsystems.de\/contact\/#breadcrumb\",\"itemListElement\":[{\"@type\":\"ListItem\",\"position\":1,\"name\":\"Startseite\",\"item\":\"https:\/\/bgruppe2.araxsystems.de\/en\/\"},{\"@type\":\"ListItem\",\"position\":2,\"name\":\"Kontakt\"}]},{\"@type\":\"WebSite\",\"@id\":\"https:\/\/bgruppe2.araxsystems.de\/en\/#website\",\"url\":\"https:\/\/bgruppe2.araxsystems.de\/en\/\",\"name\":\"Heinrich Baumann Service Centrum\",\"description\":\"(Deutsch) Das Heinrich Baumann Service Centrum unterst\u00fctzt Sie zuverl\u00e4ssig und in k\u00fcrzester Zeit bei der Reparatur Ihrer grafischen Maschinen aus dem Druck- und Weiterverarbeitungsbereich.\",\"publisher\":{\"@id\":\"https:\/\/bgruppe2.araxsystems.de\/en\/#organization\"},\"potentialAction\":[{\"@type\":\"SearchAction\",\"target\":{\"@type\":\"EntryPoint\",\"urlTemplate\":\"https:\/\/bgruppe2.araxsystems.de\/en\/?s={search_term_string}\"},\"query-input\":\"required name=search_term_string\"}],\"inLanguage\":\"en-US\"},{\"@type\":\"Organization\",\"@id\":\"https:\/\/bgruppe2.araxsystems.de\/en\/#organization\",\"name\":\"Heinrich Baumann Grafisches Centrum GmbH & Co.KG\",\"url\":\"https:\/\/bgruppe2.araxsystems.de\/en\/\",\"logo\":{\"@type\":\"ImageObject\",\"inLanguage\":\"en-US\",\"@id\":\"https:\/\/bgruppe2.araxsystems.de\/en\/#\/schema\/logo\/image\/\",\"url\":\"https:\/\/bgruppe2.araxsystems.de\/wp-content\/uploads\/2016\/03\/Logo_BS.jpg\",\"contentUrl\":\"https:\/\/bgruppe2.araxsystems.de\/wp-content\/uploads\/2016\/03\/Logo_BS.jpg\",\"width\":200,\"height\":74,\"caption\":\"Heinrich Baumann Grafisches Centrum GmbH & Co.KG\"},\"image\":{\"@id\":\"https:\/\/bgruppe2.araxsystems.de\/en\/#\/schema\/logo\/image\/\"}}]}<\/script>\n<!-- \/ Yoast SEO plugin. -->","yoast_head_json":{"title":"Kontakt zum Kundenservice - Heinrich Baumann Service","description":"Kontakt: Unser Kundenservice hilft gerne weiter. Telefon +49 69 97775-222 oder per E-Mail an: service@baumann-service.com.","robots":{"index":"noindex","follow":"follow","max-snippet":"max-snippet:-1","max-image-preview":"max-image-preview:large","max-video-preview":"max-video-preview:-1"},"og_locale":"en_US","og_type":"article","og_title":"Kontakt zum Kundenservice - Heinrich Baumann Service","og_description":"Kontakt: Unser Kundenservice hilft gerne weiter. Telefon +49 69 97775-222 oder per E-Mail an: service@baumann-service.com.","og_url":"https:\/\/bgruppe2.araxsystems.de\/contact\/","og_site_name":"Heinrich Baumann Service Centrum","article_modified_time":"2019-01-10T19:52:22+00:00","twitter_card":"summary_large_image","twitter_misc":{"Est. reading time":"2 minutes"},"schema":{"@context":"https:\/\/schema.org","@graph":[{"@type":"WebPage","@id":"https:\/\/bgruppe2.araxsystems.de\/contact\/","url":"https:\/\/bgruppe2.araxsystems.de\/contact\/","name":"Kontakt zum Kundenservice - Heinrich Baumann Service","isPartOf":{"@id":"https:\/\/bgruppe2.araxsystems.de\/en\/#website"},"datePublished":"2015-10-11T13:33:05+00:00","dateModified":"2019-01-10T19:52:22+00:00","description":"Kontakt: Unser Kundenservice hilft gerne weiter. Telefon +49 69 97775-222 oder per E-Mail an: service@baumann-service.com.","breadcrumb":{"@id":"https:\/\/bgruppe2.araxsystems.de\/contact\/#breadcrumb"},"inLanguage":"en-US","potentialAction":[{"@type":"ReadAction","target":["https:\/\/bgruppe2.araxsystems.de\/contact\/"]}]},{"@type":"BreadcrumbList","@id":"https:\/\/bgruppe2.araxsystems.de\/contact\/#breadcrumb","itemListElement":[{"@type":"ListItem","position":1,"name":"Startseite","item":"https:\/\/bgruppe2.araxsystems.de\/en\/"},{"@type":"ListItem","position":2,"name":"Kontakt"}]},{"@type":"WebSite","@id":"https:\/\/bgruppe2.araxsystems.de\/en\/#website","url":"https:\/\/bgruppe2.araxsystems.de\/en\/","name":"Heinrich Baumann Service Centrum","description":"(Deutsch) Das Heinrich Baumann Service Centrum unterst\u00fctzt Sie zuverl\u00e4ssig und in k\u00fcrzester Zeit bei der Reparatur Ihrer grafischen Maschinen aus dem Druck- und Weiterverarbeitungsbereich.","publisher":{"@id":"https:\/\/bgruppe2.araxsystems.de\/en\/#organization"},"potentialAction":[{"@type":"SearchAction","target":{"@type":"EntryPoint","urlTemplate":"https:\/\/bgruppe2.araxsystems.de\/en\/?s={search_term_string}"},"query-input":"required name=search_term_string"}],"inLanguage":"en-US"},{"@type":"Organization","@id":"https:\/\/bgruppe2.araxsystems.de\/en\/#organization","name":"Heinrich Baumann Grafisches Centrum GmbH & Co.KG","url":"https:\/\/bgruppe2.araxsystems.de\/en\/","logo":{"@type":"ImageObject","inLanguage":"en-US","@id":"https:\/\/bgruppe2.araxsystems.de\/en\/#\/schema\/logo\/image\/","url":"https:\/\/bgruppe2.araxsystems.de\/wp-content\/uploads\/2016\/03\/Logo_BS.jpg","contentUrl":"https:\/\/bgruppe2.araxsystems.de\/wp-content\/uploads\/2016\/03\/Logo_BS.jpg","width":200,"height":74,"caption":"Heinrich Baumann Grafisches Centrum GmbH & Co.KG"},"image":{"@id":"https:\/\/bgruppe2.araxsystems.de\/en\/#\/schema\/logo\/image\/"}}]}},"_links":{"self":[{"href":"https:\/\/bgruppe2.araxsystems.de\/en\/wp-json\/wp\/v2\/pages\/68"}],"collection":[{"href":"https:\/\/bgruppe2.araxsystems.de\/en\/wp-json\/wp\/v2\/pages"}],"about":[{"href":"https:\/\/bgruppe2.araxsystems.de\/en\/wp-json\/wp\/v2\/types\/page"}],"author":[{"embeddable":true,"href":"https:\/\/bgruppe2.araxsystems.de\/en\/wp-json\/wp\/v2\/users\/3"}],"replies":[{"embeddable":true,"href":"https:\/\/bgruppe2.araxsystems.de\/en\/wp-json\/wp\/v2\/comments?post=68"}],"version-history":[{"count":16,"href":"https:\/\/bgruppe2.araxsystems.de\/en\/wp-json\/wp\/v2\/pages\/68\/revisions"}],"predecessor-version":[{"id":369,"href":"https:\/\/bgruppe2.araxsystems.de\/en\/wp-json\/wp\/v2\/pages\/68\/revisions\/369"}],"wp:attachment":[{"href":"https:\/\/bgruppe2.araxsystems.de\/en\/wp-json\/wp\/v2\/media?parent=68"}],"curies":[{"name":"wp","href":"https:\/\/api.w.org\/{rel}","templated":true}]}}