{"id":486,"date":"2017-02-12T13:02:32","date_gmt":"2017-02-12T11:02:32","guid":{"rendered":"http:\/\/bgruppe.araxsystems.de\/?page_id=483"},"modified":"2017-02-14T17:23:44","modified_gmt":"2017-02-14T15:23:44","slug":"wir-suchen","status":"publish","type":"page","link":"https:\/\/bgruppe2.araxsystems.de\/en\/company\/wir-suchen\/","title":{"rendered":"We search"},"content":{"rendered":"<section class='page-content custom-background image-background' style='background-image: url(https:\/\/bgruppe2.araxsystems.de\/wp-content\/uploads\/2017\/02\/Stellenangebot-1.jpg);background-size: cover;background-repeat: repeat;'  ><section class='container-fluid' style='padding-left: 0; padding-right: 0;'><div class='row service_beratung_header' style=''><div class='col-md-12 ' style='' ><div style='margin-top: 50px;margin-bottom: 50px;' class=''><div class=\"cma-wp-widget widget widget_black-studio-tinymce cma_widget_black_studio_tinymce\" id=\"cma-widget-WP_Widget_Black_Studio_TinyMCE-1\"><div class=\"textwidget\"><div class=\"bg_start_teaser_text_main_title subset\">&nbsp;<\/div>\n<script type=\"text\/javascript\" src=\"https:\/\/code.jquery.com\/jquery-3.1.1.min.js\"><\/script><\/div><\/div><\/div><\/div><\/div><\/section><\/section><section class='page-content' style=''  ><section class='container-fluid' style='padding-left: 0; padding-right: 0;'><div class='row' style='margin-bottom: -100px ;'><div class='col-md-12 ' style='' ><div class=\"cma-wp-widget widget widget_text cma_widget_text\" id=\"cma-widget-WP_Widget_Text-2\">\t\t\t<div class=\"textwidget\"><div id=\"login_header\">\n<h1>We search<\/h1>\n<div class=\"clear\"><\/div>\n<\/div><\/div>\n\t\t<\/div><\/div><\/div><\/section><\/section><section class='page-content' style=''  ><section class='container'><div class='row service_beratung_layout_row' style=''><div class='col-md-12 ' style='padding-bottom:25px;padding-left:70px;' ><div  class='bg_tabbar_stellenausschreibung'><div class='tabs-container'><ul class='tabs tabs-gradient' id='tabs-52'><li class='active'><a title='Elektroniker' href='#tab-52-1 '>Elektroniker<\/a><\/li><li class=''><a title='Mechaniker' href='#tab-52-2 '>Mechaniker<\/a><\/li><\/ul><section class='tab-content-wrap'><div class='tab-content active' id='tab-52-1'><p><strong>Elektroniker f\u00fcr Druck- und Weiterverarbeitungsmaschinen (m\/w) gesucht<\/strong><\/p>\n<p>Das Traditionsunternehmen Heinrich Baumann Grafisches Centrum GmbH & Co. KG in Frankfurt sucht f\u00fcr den Bereich BAUMANN SERVICE zum n\u00e4chstm\u00f6glichen Termin Elektroniker f\u00fcr Druck \u2013 und Weiterverarbeitungsmaschinen.<\/p>\n<p><strong>Ihre Aufgaben:<\/strong><br \/>\n-\tNeuinstallation und Montage von Druckmaschinen und Weiterverarbeitungsmaschinen sowie deren Inbetriebnahme<br \/>\n-\tService, Wartung und Instandhaltung unserer Maschinen bei den Kunden vor Ort<br \/>\n-\tDurchf\u00fchrung von Fehleranalysen in elektronischen Systemen und deren Fehlerbehebung<br \/>\n-\tTelefonische Ersthilfe f\u00fcr unsere Kunden<\/p>\n<p><strong>Ihr Profil:<\/strong><br \/>\n-\tErfolgreich abgeschlossene Ausbildung zum Elektrotechniker bzw. eine vergleichbare Ausbildung<br \/>\n-\tQuereinsteiger aus anderen Branchen sind willkommen<br \/>\n-\tSicherer Umgang mit PC\/Notebook und dem MS-Office-Paket.<br \/>\n-\tFundierte Kenntnisse im Bereich SPS Steuerung und Netzwerktechnologie (Elektroniker)<br \/>\n-\tKenntnisse im Offsetdruck von Vorteil aber nicht Bedingung<br \/>\n-\tEnglisch in Wort und Schrift ist Voraussetzung<br \/>\n-\tServiceorientiertes Denken und Handeln<br \/>\n-\tSelbstsicheres Auftreten, hohes Ma\u00df an Eigeninitiative und Teamf\u00e4higkeit<br \/>\n-\tF\u00fchrerschein der Fahrzeugklasse B  (Klasse III)<\/p>\n<p><strong>Unser Angebot<\/strong><br \/>\n-\tEin unbefristet Arbeitsverh\u00e4ltnis<br \/>\n-\tEin Firmenfahrzeug wird Ihnen zur Verf\u00fcgung gestellt<br \/>\n-\tWir bieten attraktive Konditionen, ein angenehmes und abwechslungsreicheres Arbeitsumfeld mit vielseitigen Einsatzbereichen<\/p>\n<p>Haben wir Ihr Interesse geweckt, dann z\u00f6gern Sie nicht sich bei uns zu bewerben. Sollten Sie noch Fragen haben, stehen wir unter 069-97775-222 oder <a href=\"&#x6d;&#x61;&#105;lt&#x6f;&#x3a;&#98;&#101;w&#x65;&#x72;&#98;&#117;n&#x67;&#x40;&#x62;&#97;um&#x61;&#x6e;&#110;&#45;s&#x65;&#x72;&#118;&#105;c&#x65;&#x2e;&#99;&#111;m\">&#98;e&#x77;e&#x72;b&#x75;&#110;&#x67;&#64;&#x62;&#97;u&#x6d;a&#x6e;n&#x2d;&#115;&#x65;&#114;&#x76;&#105;&#x63;&#101;&#46;&#x63;o&#x6d;<\/a> zur Verf\u00fcgung.<\/p>\n<p>Schriftliche Bewerbung bitte an:<br \/>\nHeinrich Baumann Grafisches Centrum GmbH & Co.KG<br \/>\nPersonalabteilung<br \/>\nLudwig-Landmann-Str. 389<br \/>\n60486 Frankfurt am Main<br \/>\nOder an <a href=\"mailto:bewer&#98;&#117;&#110;&#103;&#64;&#98;&#97;&#117;&#109;&#97;&#110;&#110;&#45;&#115;&#101;&#x72;&#x76;&#x69;&#x63;&#x65;&#x2e;&#x63;&#x6f;&#x6d;\">b&#101;&#x77;&#x65;r&#98;&#117;&#x6e;&#x67;&#64;&#98;&#97;&#x75;&#x6d;a&#110;&#x6e;&#x2d;&#x73;e&#114;&#x76;&#x69;c&#101;&#46;&#x63;&#x6f;m<\/a><\/p>\n<p><a href=\"https:\/\/bgruppe2.araxsystems.de\/wp-content\/uploads\/2017\/02\/Stellenausschreibung-Elektriker.pdf\" class=\"btn btn-big\">Download Stellenbeschreibung<\/a><\/p>\n<\/div><div class='tab-content ' id='tab-52-2'><p><strong>Mechaniker f\u00fcr Druck- und Weiterverarbeitungsmaschinen (m\/w) gesucht<\/strong><\/p>\n<p>Das Traditionsunternehmen Heinrich Baumann Grafisches Centrum GmbH & Co. KG in Frankfurt sucht f\u00fcr den Bereich BAUMANN SERVICE zum n\u00e4chstm\u00f6glichen Termin einen Mechaniker\/ Mechatroniker f\u00fcr Druck \u2013 und Weiterverarbeitungsmaschinen.<\/p>\n<p><strong>Ihre Aufgaben:<\/strong><br \/>\n-\tNeuinstallation und Montage von Druckmaschinen und Weiterverarbeitungsmaschinen sowie deren Inbetriebnahme<br \/>\n-\tService, Wartung und Instandhaltung unserer Maschinen bei den Kunden vor Ort<br \/>\n-\tTelefonische Ersthilfe f\u00fcr unsere Kunden<\/p>\n<p><strong>Ihr Profil:<\/strong><br \/>\n-\tErfolgreich abgeschlossene Ausbildung als Mechaniker\/ Mechatroniker bzw. eine vergleichbare Ausbildung<br \/>\n-\tQuereinsteiger aus anderen Branchen sind willkommen<br \/>\n-\tSicherer Umgang mit PC\/Notebook und dem MS-Office-Paket.<br \/>\n-\tMehrj\u00e4hrige Berufserfahrung in den Bereichen Mechanik, Hydraulik und Pneumatik (Mechaniker\/ Mechatroniker)<br \/>\n-\tKenntnisse im Offsetdruck von Vorteil aber nicht Bedingung<br \/>\n-\tEnglisch in Wort und Schrift ist Voraussetzung<br \/>\n-\tServiceorientiertes Denken und Handeln<br \/>\n-\tSelbstsicheres Auftreten, hohes Ma\u00df an Eigeninitiative und Teamf\u00e4higkeit<br \/>\n-\tF\u00fchrerschein der Fahrzeugklasse B  (Klasse III)<\/p>\n<p><strong>Unser Angebot<\/strong><br \/>\n-\tEin unbefristet Arbeitsverh\u00e4ltnis<br \/>\n-\tEin Firmenfahrzeug wird Ihnen zur Verf\u00fcgung gestellt<br \/>\n-\tWir bieten attraktive Konditionen, ein angenehmes und abwechslungsreicheres Arbeitsumfeld mit vielseitigen Einsatzbereichen<\/p>\n<p>Haben wir Ihr Interesse geweckt, dann z\u00f6gern Sie nicht sich bei uns zu bewerben. Sollten Sie noch Fragen haben, stehen wir unter 069-97775-222 oder <a href=\"m&#97;&#105;&#x6c;&#x74;o:&#98;&#101;&#x77;&#x65;rb&#117;&#110;&#x67;&#x40;ba&#117;&#x6d;&#x61;&#x6e;n&#45;&#115;&#x65;&#x72;&#x76;i&#99;&#101;&#x2e;&#x63;&#x6f;m\">&#98;&#x65;&#119;&#x65;r&#x62;u&#110;&#x67;&#64;&#x62;&#97;&#x75;m&#x61;n&#110;&#x2d;&#115;&#x65;r&#x76;i&#x63;&#x65;&#46;&#x63;&#111;&#x6d;<\/a> zur Verf\u00fcgung.<\/p>\n<p>Schriftliche Bewerbung bitte an:<br \/>\nHeinrich Baumann Grafisches Centrum GmbH & Co.KG<br \/>\nPersonalabteilung<br \/>\nLudwig-Landmann-Str. 389<br \/>\n60486 Frankfurt am Main<br \/>\nOder an <a href=\"&#109;&#x61;&#105;&#x6c;&#116;&#x6f;&#58;&#x62;&#101;&#x77;&#101;&#x72;b&#x75;n&#x67;&#64;&#x62;a&#x75;m&#x61;n&#110;&#x2d;&#115;&#x65;&#114;&#x76;&#105;&#x63;&#101;&#x2e;&#99;&#x6f;&#109;\">&#x62;e&#x77;&#101;r&#x62;&#117;&#x6e;&#103;&#64;&#x62;&#97;&#x75;&#109;a&#x6e;&#110;&#x2d;&#x73;e&#x72;&#118;i&#x63;&#101;&#x2e;&#99;o&#x6d;<\/a><\/p>\n<p><a href=\"https:\/\/bgruppe2.araxsystems.de\/wp-content\/uploads\/2017\/02\/STELLENAUSSCHREIBUNG-Mechaniker.pdf\" class=\"btn btn-big\">Download Stellenbeschreibung<\/a><\/p>\n<\/div><\/section><\/div><\/div><\/div><\/div><\/section><\/section>\n","protected":false},"excerpt":{"rendered":"","protected":false},"author":3,"featured_media":0,"parent":495,"menu_order":0,"comment_status":"open","ping_status":"closed","template":"","meta":{"footnotes":""},"yoast_head":"<!-- This site is optimized with the Yoast SEO plugin v21.9.1 - https:\/\/yoast.com\/wordpress\/plugins\/seo\/ -->\n<title>We search - Heinrich Baumann Service Centrum<\/title>\n<meta name=\"description\" content=\"Die Heinrich Baumann Grafisches Centrum GmbH &amp; Co.KG ist Ihr Partner f\u00fcr Vorstufe, Druck, Digitaldruck und Weiterverarbeitung.\" \/>\n<meta name=\"robots\" content=\"noindex, follow, max-snippet:-1, max-image-preview:large, max-video-preview:-1\" \/>\n<meta property=\"og:locale\" content=\"en_US\" \/>\n<meta property=\"og:type\" content=\"article\" \/>\n<meta property=\"og:title\" content=\"[:de]Wir suchen[:en]We search[:] - Heinrich Baumann Service Centrum\" \/>\n<meta property=\"og:description\" content=\"Die Heinrich Baumann Grafisches Centrum GmbH &amp; Co.KG ist Ihr Partner f\u00fcr Vorstufe, Druck, Digitaldruck und Weiterverarbeitung.\" \/>\n<meta property=\"og:url\" content=\"https:\/\/bgruppe2.araxsystems.de\/company\/wir-suchen\/\" \/>\n<meta property=\"og:site_name\" content=\"Heinrich Baumann Service Centrum\" \/>\n<meta property=\"article:modified_time\" content=\"2017-02-14T15:23:44+00:00\" \/>\n<meta name=\"twitter:card\" content=\"summary_large_image\" \/>\n<meta name=\"twitter:label1\" content=\"Est. reading time\" \/>\n\t<meta name=\"twitter:data1\" content=\"2 minutes\" \/>\n<script type=\"application\/ld+json\" class=\"yoast-schema-graph\">{\"@context\":\"https:\/\/schema.org\",\"@graph\":[{\"@type\":\"WebPage\",\"@id\":\"https:\/\/bgruppe2.araxsystems.de\/company\/wir-suchen\/\",\"url\":\"https:\/\/bgruppe2.araxsystems.de\/company\/wir-suchen\/\",\"name\":\"[:de]Wir suchen[:en]We search[:] - Heinrich Baumann Service Centrum\",\"isPartOf\":{\"@id\":\"https:\/\/bgruppe2.araxsystems.de\/en\/#website\"},\"datePublished\":\"2017-02-12T11:02:32+00:00\",\"dateModified\":\"2017-02-14T15:23:44+00:00\",\"description\":\"Die Heinrich Baumann Grafisches Centrum GmbH & Co.KG ist Ihr Partner f\u00fcr Vorstufe, Druck, Digitaldruck und Weiterverarbeitung.\",\"breadcrumb\":{\"@id\":\"https:\/\/bgruppe2.araxsystems.de\/company\/wir-suchen\/#breadcrumb\"},\"inLanguage\":\"en-US\",\"potentialAction\":[{\"@type\":\"ReadAction\",\"target\":[\"https:\/\/bgruppe2.araxsystems.de\/company\/wir-suchen\/\"]}]},{\"@type\":\"BreadcrumbList\",\"@id\":\"https:\/\/bgruppe2.araxsystems.de\/company\/wir-suchen\/#breadcrumb\",\"itemListElement\":[{\"@type\":\"ListItem\",\"position\":1,\"name\":\"Startseite\",\"item\":\"https:\/\/bgruppe2.araxsystems.de\/en\/\"},{\"@type\":\"ListItem\",\"position\":2,\"name\":\"Unternehmen\",\"item\":\"https:\/\/bgruppe2.araxsystems.de\/company\/\"},{\"@type\":\"ListItem\",\"position\":3,\"name\":\"Wir suchen\"}]},{\"@type\":\"WebSite\",\"@id\":\"https:\/\/bgruppe2.araxsystems.de\/en\/#website\",\"url\":\"https:\/\/bgruppe2.araxsystems.de\/en\/\",\"name\":\"Heinrich Baumann Service Centrum\",\"description\":\"(Deutsch) Das Heinrich Baumann Service Centrum unterst\u00fctzt Sie zuverl\u00e4ssig und in k\u00fcrzester Zeit bei der Reparatur Ihrer grafischen Maschinen aus dem Druck- und Weiterverarbeitungsbereich.\",\"publisher\":{\"@id\":\"https:\/\/bgruppe2.araxsystems.de\/en\/#organization\"},\"potentialAction\":[{\"@type\":\"SearchAction\",\"target\":{\"@type\":\"EntryPoint\",\"urlTemplate\":\"https:\/\/bgruppe2.araxsystems.de\/en\/?s={search_term_string}\"},\"query-input\":\"required name=search_term_string\"}],\"inLanguage\":\"en-US\"},{\"@type\":\"Organization\",\"@id\":\"https:\/\/bgruppe2.araxsystems.de\/en\/#organization\",\"name\":\"Heinrich Baumann Grafisches Centrum GmbH & Co.KG\",\"url\":\"https:\/\/bgruppe2.araxsystems.de\/en\/\",\"logo\":{\"@type\":\"ImageObject\",\"inLanguage\":\"en-US\",\"@id\":\"https:\/\/bgruppe2.araxsystems.de\/en\/#\/schema\/logo\/image\/\",\"url\":\"https:\/\/bgruppe2.araxsystems.de\/wp-content\/uploads\/2016\/03\/Logo_BS.jpg\",\"contentUrl\":\"https:\/\/bgruppe2.araxsystems.de\/wp-content\/uploads\/2016\/03\/Logo_BS.jpg\",\"width\":200,\"height\":74,\"caption\":\"Heinrich Baumann Grafisches Centrum GmbH & Co.KG\"},\"image\":{\"@id\":\"https:\/\/bgruppe2.araxsystems.de\/en\/#\/schema\/logo\/image\/\"}}]}<\/script>\n<!-- \/ Yoast SEO plugin. -->","yoast_head_json":{"title":"[:de]Wir suchen[:en]We search[:] - Heinrich Baumann Service Centrum","description":"Die Heinrich Baumann Grafisches Centrum GmbH & Co.KG ist Ihr Partner f\u00fcr Vorstufe, Druck, Digitaldruck und Weiterverarbeitung.","robots":{"index":"noindex","follow":"follow","max-snippet":"max-snippet:-1","max-image-preview":"max-image-preview:large","max-video-preview":"max-video-preview:-1"},"og_locale":"en_US","og_type":"article","og_title":"[:de]Wir suchen[:en]We search[:] - Heinrich Baumann Service Centrum","og_description":"Die Heinrich Baumann Grafisches Centrum GmbH & Co.KG ist Ihr Partner f\u00fcr Vorstufe, Druck, Digitaldruck und Weiterverarbeitung.","og_url":"https:\/\/bgruppe2.araxsystems.de\/company\/wir-suchen\/","og_site_name":"Heinrich Baumann Service Centrum","article_modified_time":"2017-02-14T15:23:44+00:00","twitter_card":"summary_large_image","twitter_misc":{"Est. reading time":"2 minutes"},"schema":{"@context":"https:\/\/schema.org","@graph":[{"@type":"WebPage","@id":"https:\/\/bgruppe2.araxsystems.de\/company\/wir-suchen\/","url":"https:\/\/bgruppe2.araxsystems.de\/company\/wir-suchen\/","name":"[:de]Wir suchen[:en]We search[:] - Heinrich Baumann Service Centrum","isPartOf":{"@id":"https:\/\/bgruppe2.araxsystems.de\/en\/#website"},"datePublished":"2017-02-12T11:02:32+00:00","dateModified":"2017-02-14T15:23:44+00:00","description":"Die Heinrich Baumann Grafisches Centrum GmbH & Co.KG ist Ihr Partner f\u00fcr Vorstufe, Druck, Digitaldruck und Weiterverarbeitung.","breadcrumb":{"@id":"https:\/\/bgruppe2.araxsystems.de\/company\/wir-suchen\/#breadcrumb"},"inLanguage":"en-US","potentialAction":[{"@type":"ReadAction","target":["https:\/\/bgruppe2.araxsystems.de\/company\/wir-suchen\/"]}]},{"@type":"BreadcrumbList","@id":"https:\/\/bgruppe2.araxsystems.de\/company\/wir-suchen\/#breadcrumb","itemListElement":[{"@type":"ListItem","position":1,"name":"Startseite","item":"https:\/\/bgruppe2.araxsystems.de\/en\/"},{"@type":"ListItem","position":2,"name":"Unternehmen","item":"https:\/\/bgruppe2.araxsystems.de\/company\/"},{"@type":"ListItem","position":3,"name":"Wir suchen"}]},{"@type":"WebSite","@id":"https:\/\/bgruppe2.araxsystems.de\/en\/#website","url":"https:\/\/bgruppe2.araxsystems.de\/en\/","name":"Heinrich Baumann Service Centrum","description":"(Deutsch) Das Heinrich Baumann Service Centrum unterst\u00fctzt Sie zuverl\u00e4ssig und in k\u00fcrzester Zeit bei der Reparatur Ihrer grafischen Maschinen aus dem Druck- und Weiterverarbeitungsbereich.","publisher":{"@id":"https:\/\/bgruppe2.araxsystems.de\/en\/#organization"},"potentialAction":[{"@type":"SearchAction","target":{"@type":"EntryPoint","urlTemplate":"https:\/\/bgruppe2.araxsystems.de\/en\/?s={search_term_string}"},"query-input":"required name=search_term_string"}],"inLanguage":"en-US"},{"@type":"Organization","@id":"https:\/\/bgruppe2.araxsystems.de\/en\/#organization","name":"Heinrich Baumann Grafisches Centrum GmbH & Co.KG","url":"https:\/\/bgruppe2.araxsystems.de\/en\/","logo":{"@type":"ImageObject","inLanguage":"en-US","@id":"https:\/\/bgruppe2.araxsystems.de\/en\/#\/schema\/logo\/image\/","url":"https:\/\/bgruppe2.araxsystems.de\/wp-content\/uploads\/2016\/03\/Logo_BS.jpg","contentUrl":"https:\/\/bgruppe2.araxsystems.de\/wp-content\/uploads\/2016\/03\/Logo_BS.jpg","width":200,"height":74,"caption":"Heinrich Baumann Grafisches Centrum GmbH & Co.KG"},"image":{"@id":"https:\/\/bgruppe2.araxsystems.de\/en\/#\/schema\/logo\/image\/"}}]}},"_links":{"self":[{"href":"https:\/\/bgruppe2.araxsystems.de\/en\/wp-json\/wp\/v2\/pages\/486"}],"collection":[{"href":"https:\/\/bgruppe2.araxsystems.de\/en\/wp-json\/wp\/v2\/pages"}],"about":[{"href":"https:\/\/bgruppe2.araxsystems.de\/en\/wp-json\/wp\/v2\/types\/page"}],"author":[{"embeddable":true,"href":"https:\/\/bgruppe2.araxsystems.de\/en\/wp-json\/wp\/v2\/users\/3"}],"replies":[{"embeddable":true,"href":"https:\/\/bgruppe2.araxsystems.de\/en\/wp-json\/wp\/v2\/comments?post=486"}],"version-history":[{"count":3,"href":"https:\/\/bgruppe2.araxsystems.de\/en\/wp-json\/wp\/v2\/pages\/486\/revisions"}],"predecessor-version":[{"id":499,"href":"https:\/\/bgruppe2.araxsystems.de\/en\/wp-json\/wp\/v2\/pages\/486\/revisions\/499"}],"up":[{"embeddable":true,"href":"https:\/\/bgruppe2.araxsystems.de\/en\/wp-json\/wp\/v2\/pages\/495"}],"wp:attachment":[{"href":"https:\/\/bgruppe2.araxsystems.de\/en\/wp-json\/wp\/v2\/media?parent=486"}],"curies":[{"name":"wp","href":"https:\/\/api.w.org\/{rel}","templated":true}]}}