{"id":33,"date":"2015-08-18T14:51:57","date_gmt":"2015-08-18T12:51:57","guid":{"rendered":"https:\/\/bgruppe2.araxsystems.de\/?page_id=33"},"modified":"2019-06-20T14:18:47","modified_gmt":"2019-06-20T12:18:47","slug":"ueber-uns","status":"publish","type":"page","link":"https:\/\/bgruppe2.araxsystems.de\/en\/company\/ueber-uns\/","title":{"rendered":"About us"},"content":{"rendered":"<section class='page-content custom-background image-background' style='background-image: url(https:\/\/bgruppe2.araxsystems.de\/wp-content\/uploads\/2016\/03\/Ueber_uns.jpg);background-size: cover;background-repeat: repeat;'  ><section class='container-fluid' style='padding-left: 0; padding-right: 0;'><div class='row service_beratung_header company_display_none' style=''><div class='col-md-12 ' style='' ><div style='margin-top: 50px;margin-bottom: 50px;' class=''><div class=\"cma-wp-widget widget widget_black-studio-tinymce cma_widget_black_studio_tinymce\" id=\"cma-widget-WP_Widget_Black_Studio_TinyMCE-1\"><div class=\"textwidget\"><div class=\"bg_start_teaser_text_main_title subset\">&nbsp;<\/div>\n<\/div><\/div><\/div><\/div><\/div><\/section><\/section><section class='page-content' style=''  ><section class='container-fluid' style='padding-left: 0; padding-right: 0;'><div class='row' style='margin-bottom: -100px ;'><div class='col-md-12 ' style='' ><div class=\"cma-wp-widget widget widget_text cma_widget_text\" id=\"cma-widget-WP_Widget_Text-2\">\t\t\t<div class=\"textwidget\"><div id=\"login_header\">\n<h1>About us<\/h1>\n<div class=\"clear\"><\/div>\n<\/div><\/div>\n\t\t<\/div><\/div><\/div><\/section><\/section><section class='page-content' style=''  ><section class='container'><div class='row service_beratung_layout_row' style=''><div class='col-md-12 ' style='padding-bottom:-15px;padding-left:-15px;' ><div class=\"cma-wp-widget widget widget_black-studio-tinymce cma_widget_black_studio_tinymce\" id=\"cma-widget-WP_Widget_Black_Studio_TinyMCE-3\"><div class=\"textwidget\"><table class=\"bg_classic bg_table_service_beratung\">\n\t<tr>\n\t\t<td style=\"width: 50px;\"><img loading=\"lazy\" decoding=\"async\" src=\"https:\/\/bgruppe2.araxsystems.de\/wp-content\/uploads\/2015\/10\/Icon_Reparatur_72dpi1.jpg\" width=\"38\" height=\"38\" class=\"bg_img_left\" \/><\/td>\n\t\t\n<td> <span class=\"bg_h1_left\"><span id=\"baumann_grafisches_centrum\">THE HEINRICH BAUMANN SERVICE CENTRE<\/span><\/span>\n\t\t\n\t\t<p>Heinrich Baumann Grafisches Centrum GmbH & Co.KG is your partner for pre-printing, printing, digital printing and further processing. The name Heinrich Baumann stands for <strong><a href=\"https:\/\/bgruppe2.araxsystems.de\/en\/home\/service-beratung\/\">reliable, specialist service<\/a><\/strong> from a single source and much more. This is why about 50% of our employees work in customer service. \n<br><br>\nOur specialists always keep their expertise up to date in various training sessions, meet the certification standards and take over customer service <strong><a href=\"https:\/\/bgruppe2.araxsystems.de\/en\/home\/ersatzteile\/\">for products from many different manufacturers<\/a><\/strong> at their locations, on-site, including providing rapid assistance in the event of a fault. This is because customised, long-term care and consultation for our customers is our focus. <\/p>\n\t\t<\/td>\n\n\t\t\n\t<\/tr>\n<\/tr>\n<\/table>\n<br class=\"br\"\/><br class=\"br\"\/><\/div><\/div><\/div><\/div><\/section><\/section>\n","protected":false},"excerpt":{"rendered":"","protected":false},"author":3,"featured_media":0,"parent":495,"menu_order":0,"comment_status":"open","ping_status":"closed","template":"","meta":{"footnotes":""},"yoast_head":"<!-- This site is optimized with the Yoast SEO plugin v21.9.1 - https:\/\/yoast.com\/wordpress\/plugins\/seo\/ -->\n<title>Wartung von Druckmaschinen - Heinrich Baumann Service<\/title>\n<meta name=\"description\" content=\"Servicepartner f\u00fcr die Wartung von Druckmaschinen. Vorstufe, Druck, Digitaldruck und Weiterverarbeitung. Schnelle Hilfe im St\u00f6rungsfall.\" \/>\n<meta name=\"robots\" content=\"noindex, follow, max-snippet:-1, max-image-preview:large, max-video-preview:-1\" \/>\n<meta property=\"og:locale\" content=\"en_US\" \/>\n<meta property=\"og:type\" content=\"article\" \/>\n<meta property=\"og:title\" content=\"Wartung von Druckmaschinen - Heinrich Baumann Service\" \/>\n<meta property=\"og:description\" content=\"Servicepartner f\u00fcr die Wartung von Druckmaschinen. Vorstufe, Druck, Digitaldruck und Weiterverarbeitung. Schnelle Hilfe im St\u00f6rungsfall.\" \/>\n<meta property=\"og:url\" content=\"https:\/\/bgruppe2.araxsystems.de\/company\/ueber-uns\/\" \/>\n<meta property=\"og:site_name\" content=\"Heinrich Baumann Service Centrum\" \/>\n<meta property=\"article:modified_time\" content=\"2019-06-20T12:18:47+00:00\" \/>\n<meta name=\"twitter:card\" content=\"summary_large_image\" \/>\n<meta name=\"twitter:label1\" content=\"Est. reading time\" \/>\n\t<meta name=\"twitter:data1\" content=\"2 minutes\" \/>\n<script type=\"application\/ld+json\" class=\"yoast-schema-graph\">{\"@context\":\"https:\/\/schema.org\",\"@graph\":[{\"@type\":\"WebPage\",\"@id\":\"https:\/\/bgruppe2.araxsystems.de\/company\/ueber-uns\/\",\"url\":\"https:\/\/bgruppe2.araxsystems.de\/company\/ueber-uns\/\",\"name\":\"Wartung von Druckmaschinen - Heinrich Baumann Service\",\"isPartOf\":{\"@id\":\"https:\/\/bgruppe2.araxsystems.de\/en\/#website\"},\"datePublished\":\"2015-08-18T12:51:57+00:00\",\"dateModified\":\"2019-06-20T12:18:47+00:00\",\"description\":\"Servicepartner f\u00fcr die Wartung von Druckmaschinen. Vorstufe, Druck, Digitaldruck und Weiterverarbeitung. Schnelle Hilfe im St\u00f6rungsfall.\",\"breadcrumb\":{\"@id\":\"https:\/\/bgruppe2.araxsystems.de\/company\/ueber-uns\/#breadcrumb\"},\"inLanguage\":\"en-US\",\"potentialAction\":[{\"@type\":\"ReadAction\",\"target\":[\"https:\/\/bgruppe2.araxsystems.de\/company\/ueber-uns\/\"]}]},{\"@type\":\"BreadcrumbList\",\"@id\":\"https:\/\/bgruppe2.araxsystems.de\/company\/ueber-uns\/#breadcrumb\",\"itemListElement\":[{\"@type\":\"ListItem\",\"position\":1,\"name\":\"Startseite\",\"item\":\"https:\/\/bgruppe2.araxsystems.de\/en\/\"},{\"@type\":\"ListItem\",\"position\":2,\"name\":\"Unternehmen\",\"item\":\"https:\/\/bgruppe2.araxsystems.de\/company\/\"},{\"@type\":\"ListItem\",\"position\":3,\"name\":\"\u00dcber uns\"}]},{\"@type\":\"WebSite\",\"@id\":\"https:\/\/bgruppe2.araxsystems.de\/en\/#website\",\"url\":\"https:\/\/bgruppe2.araxsystems.de\/en\/\",\"name\":\"Heinrich Baumann Service Centrum\",\"description\":\"(Deutsch) Das Heinrich Baumann Service Centrum unterst\u00fctzt Sie zuverl\u00e4ssig und in k\u00fcrzester Zeit bei der Reparatur Ihrer grafischen Maschinen aus dem Druck- und Weiterverarbeitungsbereich.\",\"publisher\":{\"@id\":\"https:\/\/bgruppe2.araxsystems.de\/en\/#organization\"},\"potentialAction\":[{\"@type\":\"SearchAction\",\"target\":{\"@type\":\"EntryPoint\",\"urlTemplate\":\"https:\/\/bgruppe2.araxsystems.de\/en\/?s={search_term_string}\"},\"query-input\":\"required name=search_term_string\"}],\"inLanguage\":\"en-US\"},{\"@type\":\"Organization\",\"@id\":\"https:\/\/bgruppe2.araxsystems.de\/en\/#organization\",\"name\":\"Heinrich Baumann Grafisches Centrum GmbH & Co.KG\",\"url\":\"https:\/\/bgruppe2.araxsystems.de\/en\/\",\"logo\":{\"@type\":\"ImageObject\",\"inLanguage\":\"en-US\",\"@id\":\"https:\/\/bgruppe2.araxsystems.de\/en\/#\/schema\/logo\/image\/\",\"url\":\"https:\/\/bgruppe2.araxsystems.de\/wp-content\/uploads\/2016\/03\/Logo_BS.jpg\",\"contentUrl\":\"https:\/\/bgruppe2.araxsystems.de\/wp-content\/uploads\/2016\/03\/Logo_BS.jpg\",\"width\":200,\"height\":74,\"caption\":\"Heinrich Baumann Grafisches Centrum GmbH & Co.KG\"},\"image\":{\"@id\":\"https:\/\/bgruppe2.araxsystems.de\/en\/#\/schema\/logo\/image\/\"}}]}<\/script>\n<!-- \/ Yoast SEO plugin. -->","yoast_head_json":{"title":"Wartung von Druckmaschinen - Heinrich Baumann Service","description":"Servicepartner f\u00fcr die Wartung von Druckmaschinen. Vorstufe, Druck, Digitaldruck und Weiterverarbeitung. Schnelle Hilfe im St\u00f6rungsfall.","robots":{"index":"noindex","follow":"follow","max-snippet":"max-snippet:-1","max-image-preview":"max-image-preview:large","max-video-preview":"max-video-preview:-1"},"og_locale":"en_US","og_type":"article","og_title":"Wartung von Druckmaschinen - Heinrich Baumann Service","og_description":"Servicepartner f\u00fcr die Wartung von Druckmaschinen. Vorstufe, Druck, Digitaldruck und Weiterverarbeitung. Schnelle Hilfe im St\u00f6rungsfall.","og_url":"https:\/\/bgruppe2.araxsystems.de\/company\/ueber-uns\/","og_site_name":"Heinrich Baumann Service Centrum","article_modified_time":"2019-06-20T12:18:47+00:00","twitter_card":"summary_large_image","twitter_misc":{"Est. reading time":"2 minutes"},"schema":{"@context":"https:\/\/schema.org","@graph":[{"@type":"WebPage","@id":"https:\/\/bgruppe2.araxsystems.de\/company\/ueber-uns\/","url":"https:\/\/bgruppe2.araxsystems.de\/company\/ueber-uns\/","name":"Wartung von Druckmaschinen - Heinrich Baumann Service","isPartOf":{"@id":"https:\/\/bgruppe2.araxsystems.de\/en\/#website"},"datePublished":"2015-08-18T12:51:57+00:00","dateModified":"2019-06-20T12:18:47+00:00","description":"Servicepartner f\u00fcr die Wartung von Druckmaschinen. Vorstufe, Druck, Digitaldruck und Weiterverarbeitung. Schnelle Hilfe im St\u00f6rungsfall.","breadcrumb":{"@id":"https:\/\/bgruppe2.araxsystems.de\/company\/ueber-uns\/#breadcrumb"},"inLanguage":"en-US","potentialAction":[{"@type":"ReadAction","target":["https:\/\/bgruppe2.araxsystems.de\/company\/ueber-uns\/"]}]},{"@type":"BreadcrumbList","@id":"https:\/\/bgruppe2.araxsystems.de\/company\/ueber-uns\/#breadcrumb","itemListElement":[{"@type":"ListItem","position":1,"name":"Startseite","item":"https:\/\/bgruppe2.araxsystems.de\/en\/"},{"@type":"ListItem","position":2,"name":"Unternehmen","item":"https:\/\/bgruppe2.araxsystems.de\/company\/"},{"@type":"ListItem","position":3,"name":"\u00dcber uns"}]},{"@type":"WebSite","@id":"https:\/\/bgruppe2.araxsystems.de\/en\/#website","url":"https:\/\/bgruppe2.araxsystems.de\/en\/","name":"Heinrich Baumann Service Centrum","description":"(Deutsch) Das Heinrich Baumann Service Centrum unterst\u00fctzt Sie zuverl\u00e4ssig und in k\u00fcrzester Zeit bei der Reparatur Ihrer grafischen Maschinen aus dem Druck- und Weiterverarbeitungsbereich.","publisher":{"@id":"https:\/\/bgruppe2.araxsystems.de\/en\/#organization"},"potentialAction":[{"@type":"SearchAction","target":{"@type":"EntryPoint","urlTemplate":"https:\/\/bgruppe2.araxsystems.de\/en\/?s={search_term_string}"},"query-input":"required name=search_term_string"}],"inLanguage":"en-US"},{"@type":"Organization","@id":"https:\/\/bgruppe2.araxsystems.de\/en\/#organization","name":"Heinrich Baumann Grafisches Centrum GmbH & Co.KG","url":"https:\/\/bgruppe2.araxsystems.de\/en\/","logo":{"@type":"ImageObject","inLanguage":"en-US","@id":"https:\/\/bgruppe2.araxsystems.de\/en\/#\/schema\/logo\/image\/","url":"https:\/\/bgruppe2.araxsystems.de\/wp-content\/uploads\/2016\/03\/Logo_BS.jpg","contentUrl":"https:\/\/bgruppe2.araxsystems.de\/wp-content\/uploads\/2016\/03\/Logo_BS.jpg","width":200,"height":74,"caption":"Heinrich Baumann Grafisches Centrum GmbH & Co.KG"},"image":{"@id":"https:\/\/bgruppe2.araxsystems.de\/en\/#\/schema\/logo\/image\/"}}]}},"_links":{"self":[{"href":"https:\/\/bgruppe2.araxsystems.de\/en\/wp-json\/wp\/v2\/pages\/33"}],"collection":[{"href":"https:\/\/bgruppe2.araxsystems.de\/en\/wp-json\/wp\/v2\/pages"}],"about":[{"href":"https:\/\/bgruppe2.araxsystems.de\/en\/wp-json\/wp\/v2\/types\/page"}],"author":[{"embeddable":true,"href":"https:\/\/bgruppe2.araxsystems.de\/en\/wp-json\/wp\/v2\/users\/3"}],"replies":[{"embeddable":true,"href":"https:\/\/bgruppe2.araxsystems.de\/en\/wp-json\/wp\/v2\/comments?post=33"}],"version-history":[{"count":23,"href":"https:\/\/bgruppe2.araxsystems.de\/en\/wp-json\/wp\/v2\/pages\/33\/revisions"}],"predecessor-version":[{"id":622,"href":"https:\/\/bgruppe2.araxsystems.de\/en\/wp-json\/wp\/v2\/pages\/33\/revisions\/622"}],"up":[{"embeddable":true,"href":"https:\/\/bgruppe2.araxsystems.de\/en\/wp-json\/wp\/v2\/pages\/495"}],"wp:attachment":[{"href":"https:\/\/bgruppe2.araxsystems.de\/en\/wp-json\/wp\/v2\/media?parent=33"}],"curies":[{"name":"wp","href":"https:\/\/api.w.org\/{rel}","templated":true}]}}