{"id":10,"date":"2015-08-15T09:29:18","date_gmt":"2015-08-15T09:29:18","guid":{"rendered":"https:\/\/bgruppe2.araxsystems.de\/?page_id=10"},"modified":"2016-05-02T08:43:54","modified_gmt":"2016-05-02T08:43:54","slug":"login","status":"publish","type":"page","link":"https:\/\/bgruppe2.araxsystems.de\/en\/login\/","title":{"rendered":"Login"},"content":{"rendered":"","protected":false},"excerpt":{"rendered":"","protected":false},"author":3,"featured_media":0,"parent":0,"menu_order":50,"comment_status":"open","ping_status":"closed","template":"baumann_service\/service_login.php","meta":{"footnotes":""},"yoast_head":"<!-- This site is optimized with the Yoast SEO plugin v21.9.1 - https:\/\/yoast.com\/wordpress\/plugins\/seo\/ -->\n<title>Login - Heinrich Baumann Service Centrum<\/title>\n<meta name=\"description\" content=\"Melden Sie sich hier als registrierter Firmenkunde bei ihrem Baumann Service Kundenkonto an.\" \/>\n<meta name=\"robots\" content=\"noindex, follow, max-snippet:-1, max-image-preview:large, max-video-preview:-1\" \/>\n<meta property=\"og:locale\" content=\"en_US\" \/>\n<meta property=\"og:type\" content=\"article\" \/>\n<meta property=\"og:title\" content=\"Login - Heinrich Baumann Service Centrum\" \/>\n<meta property=\"og:description\" content=\"Melden Sie sich hier als registrierter Firmenkunde bei ihrem Baumann Service Kundenkonto an.\" \/>\n<meta property=\"og:url\" content=\"https:\/\/bgruppe2.araxsystems.de\/login\/\" \/>\n<meta property=\"og:site_name\" content=\"Heinrich Baumann Service Centrum\" \/>\n<meta property=\"article:modified_time\" content=\"2016-05-02T08:43:54+00:00\" \/>\n<meta name=\"twitter:card\" content=\"summary_large_image\" \/>\n<script type=\"application\/ld+json\" class=\"yoast-schema-graph\">{\"@context\":\"https:\/\/schema.org\",\"@graph\":[{\"@type\":\"WebPage\",\"@id\":\"https:\/\/bgruppe2.araxsystems.de\/login\/\",\"url\":\"https:\/\/bgruppe2.araxsystems.de\/login\/\",\"name\":\"Login - Heinrich Baumann Service Centrum\",\"isPartOf\":{\"@id\":\"https:\/\/bgruppe2.araxsystems.de\/en\/#website\"},\"datePublished\":\"2015-08-15T09:29:18+00:00\",\"dateModified\":\"2016-05-02T08:43:54+00:00\",\"description\":\"Melden Sie sich hier als registrierter Firmenkunde bei ihrem Baumann Service Kundenkonto an.\",\"breadcrumb\":{\"@id\":\"https:\/\/bgruppe2.araxsystems.de\/login\/#breadcrumb\"},\"inLanguage\":\"en-US\",\"potentialAction\":[{\"@type\":\"ReadAction\",\"target\":[\"https:\/\/bgruppe2.araxsystems.de\/login\/\"]}]},{\"@type\":\"BreadcrumbList\",\"@id\":\"https:\/\/bgruppe2.araxsystems.de\/login\/#breadcrumb\",\"itemListElement\":[{\"@type\":\"ListItem\",\"position\":1,\"name\":\"Startseite\",\"item\":\"https:\/\/bgruppe2.araxsystems.de\/en\/\"},{\"@type\":\"ListItem\",\"position\":2,\"name\":\"Login\"}]},{\"@type\":\"WebSite\",\"@id\":\"https:\/\/bgruppe2.araxsystems.de\/en\/#website\",\"url\":\"https:\/\/bgruppe2.araxsystems.de\/en\/\",\"name\":\"Heinrich Baumann Service Centrum\",\"description\":\"(Deutsch) Das Heinrich Baumann Service Centrum unterst\u00fctzt Sie zuverl\u00e4ssig und in k\u00fcrzester Zeit bei der Reparatur Ihrer grafischen Maschinen aus dem Druck- und Weiterverarbeitungsbereich.\",\"publisher\":{\"@id\":\"https:\/\/bgruppe2.araxsystems.de\/en\/#organization\"},\"potentialAction\":[{\"@type\":\"SearchAction\",\"target\":{\"@type\":\"EntryPoint\",\"urlTemplate\":\"https:\/\/bgruppe2.araxsystems.de\/en\/?s={search_term_string}\"},\"query-input\":\"required name=search_term_string\"}],\"inLanguage\":\"en-US\"},{\"@type\":\"Organization\",\"@id\":\"https:\/\/bgruppe2.araxsystems.de\/en\/#organization\",\"name\":\"Heinrich Baumann Grafisches Centrum GmbH & Co.KG\",\"url\":\"https:\/\/bgruppe2.araxsystems.de\/en\/\",\"logo\":{\"@type\":\"ImageObject\",\"inLanguage\":\"en-US\",\"@id\":\"https:\/\/bgruppe2.araxsystems.de\/en\/#\/schema\/logo\/image\/\",\"url\":\"https:\/\/bgruppe2.araxsystems.de\/wp-content\/uploads\/2016\/03\/Logo_BS.jpg\",\"contentUrl\":\"https:\/\/bgruppe2.araxsystems.de\/wp-content\/uploads\/2016\/03\/Logo_BS.jpg\",\"width\":200,\"height\":74,\"caption\":\"Heinrich Baumann Grafisches Centrum GmbH & Co.KG\"},\"image\":{\"@id\":\"https:\/\/bgruppe2.araxsystems.de\/en\/#\/schema\/logo\/image\/\"}}]}<\/script>\n<!-- \/ Yoast SEO plugin. -->","yoast_head_json":{"title":"Login - Heinrich Baumann Service Centrum","description":"Melden Sie sich hier als registrierter Firmenkunde bei ihrem Baumann Service Kundenkonto an.","robots":{"index":"noindex","follow":"follow","max-snippet":"max-snippet:-1","max-image-preview":"max-image-preview:large","max-video-preview":"max-video-preview:-1"},"og_locale":"en_US","og_type":"article","og_title":"Login - Heinrich Baumann Service Centrum","og_description":"Melden Sie sich hier als registrierter Firmenkunde bei ihrem Baumann Service Kundenkonto an.","og_url":"https:\/\/bgruppe2.araxsystems.de\/login\/","og_site_name":"Heinrich Baumann Service Centrum","article_modified_time":"2016-05-02T08:43:54+00:00","twitter_card":"summary_large_image","schema":{"@context":"https:\/\/schema.org","@graph":[{"@type":"WebPage","@id":"https:\/\/bgruppe2.araxsystems.de\/login\/","url":"https:\/\/bgruppe2.araxsystems.de\/login\/","name":"Login - Heinrich Baumann Service Centrum","isPartOf":{"@id":"https:\/\/bgruppe2.araxsystems.de\/en\/#website"},"datePublished":"2015-08-15T09:29:18+00:00","dateModified":"2016-05-02T08:43:54+00:00","description":"Melden Sie sich hier als registrierter Firmenkunde bei ihrem Baumann Service Kundenkonto an.","breadcrumb":{"@id":"https:\/\/bgruppe2.araxsystems.de\/login\/#breadcrumb"},"inLanguage":"en-US","potentialAction":[{"@type":"ReadAction","target":["https:\/\/bgruppe2.araxsystems.de\/login\/"]}]},{"@type":"BreadcrumbList","@id":"https:\/\/bgruppe2.araxsystems.de\/login\/#breadcrumb","itemListElement":[{"@type":"ListItem","position":1,"name":"Startseite","item":"https:\/\/bgruppe2.araxsystems.de\/en\/"},{"@type":"ListItem","position":2,"name":"Login"}]},{"@type":"WebSite","@id":"https:\/\/bgruppe2.araxsystems.de\/en\/#website","url":"https:\/\/bgruppe2.araxsystems.de\/en\/","name":"Heinrich Baumann Service Centrum","description":"(Deutsch) Das Heinrich Baumann Service Centrum unterst\u00fctzt Sie zuverl\u00e4ssig und in k\u00fcrzester Zeit bei der Reparatur Ihrer grafischen Maschinen aus dem Druck- und Weiterverarbeitungsbereich.","publisher":{"@id":"https:\/\/bgruppe2.araxsystems.de\/en\/#organization"},"potentialAction":[{"@type":"SearchAction","target":{"@type":"EntryPoint","urlTemplate":"https:\/\/bgruppe2.araxsystems.de\/en\/?s={search_term_string}"},"query-input":"required name=search_term_string"}],"inLanguage":"en-US"},{"@type":"Organization","@id":"https:\/\/bgruppe2.araxsystems.de\/en\/#organization","name":"Heinrich Baumann Grafisches Centrum GmbH & Co.KG","url":"https:\/\/bgruppe2.araxsystems.de\/en\/","logo":{"@type":"ImageObject","inLanguage":"en-US","@id":"https:\/\/bgruppe2.araxsystems.de\/en\/#\/schema\/logo\/image\/","url":"https:\/\/bgruppe2.araxsystems.de\/wp-content\/uploads\/2016\/03\/Logo_BS.jpg","contentUrl":"https:\/\/bgruppe2.araxsystems.de\/wp-content\/uploads\/2016\/03\/Logo_BS.jpg","width":200,"height":74,"caption":"Heinrich Baumann Grafisches Centrum GmbH & Co.KG"},"image":{"@id":"https:\/\/bgruppe2.araxsystems.de\/en\/#\/schema\/logo\/image\/"}}]}},"_links":{"self":[{"href":"https:\/\/bgruppe2.araxsystems.de\/en\/wp-json\/wp\/v2\/pages\/10"}],"collection":[{"href":"https:\/\/bgruppe2.araxsystems.de\/en\/wp-json\/wp\/v2\/pages"}],"about":[{"href":"https:\/\/bgruppe2.araxsystems.de\/en\/wp-json\/wp\/v2\/types\/page"}],"author":[{"embeddable":true,"href":"https:\/\/bgruppe2.araxsystems.de\/en\/wp-json\/wp\/v2\/users\/3"}],"replies":[{"embeddable":true,"href":"https:\/\/bgruppe2.araxsystems.de\/en\/wp-json\/wp\/v2\/comments?post=10"}],"version-history":[{"count":1,"href":"https:\/\/bgruppe2.araxsystems.de\/en\/wp-json\/wp\/v2\/pages\/10\/revisions"}],"predecessor-version":[{"id":11,"href":"https:\/\/bgruppe2.araxsystems.de\/en\/wp-json\/wp\/v2\/pages\/10\/revisions\/11"}],"wp:attachment":[{"href":"https:\/\/bgruppe2.araxsystems.de\/en\/wp-json\/wp\/v2\/media?parent=10"}],"curies":[{"name":"wp","href":"https:\/\/api.w.org\/{rel}","templated":true}]}}